{"id":20378,"date":"2021-09-20T16:17:27","date_gmt":"2021-09-20T19:17:27","guid":{"rendered":"https:\/\/santanadomaranhao.ma.gov.br\/transparencia\/?page_id=20378"},"modified":"2024-05-15T08:18:13","modified_gmt":"2024-05-15T11:18:13","slug":"gastos-mensais-com-diarias","status":"publish","type":"page","link":"https:\/\/santanadomaranhao.ma.gov.br\/transparencia\/gastos-mensais-com-diarias\/","title":{"rendered":"Gastos Mensais com Di\u00e1rias"},"content":{"rendered":"<p>Acesse os Gastos Mensais com Di\u00e1rias do Munic\u00edpio<br \/>\n<div id=\"footable_parent_45333\"\n         class=\" footable_parent ninja_table_wrapper loading_ninja_table wp_table_data_press_parent semantic_ui \">\n                <table data-ninja_table_instance=\"ninja_table_instance_0\" data-footable_id=\"45333\" data-filter-delay=\"1000\" aria-label=\"Gastos Mensais com Di\u00e1rias\"            id=\"footable_45333\"\n           data-unique_identifier=\"ninja_table_unique_id_1335891446_45333\"\n           class=\" foo-table ninja_footable foo_table_45333 ninja_table_unique_id_1335891446_45333 ui table  nt_type_legacy_table selectable striped vertical_centered  footable-paging-right ninja_table_pro ninja_table_afd_inline ninja_table_has_custom_filter\">\n                <colgroup>\n                            <col class=\"ninja_column_0 \">\n                            <col class=\"ninja_column_1 \">\n                            <col class=\"ninja_column_2 \">\n                            <col class=\"ninja_column_3 \">\n                            <col class=\"ninja_column_4 \">\n                    <\/colgroup>\n        <thead>\n<tr class=\"footable-header\">\n                                                                                        <th scope=\"col\"  class=\"ninja_column_0 ninja_clmn_nm_posttitle \">Descri\u00e7\u00e3o<\/th><th scope=\"col\"  class=\"ninja_column_1 ninja_clmn_nm_postdate \">Publicado em<\/th><th scope=\"col\"  class=\"ninja_column_2 ninja_clmn_nm_diariasano \">Ano<\/th><th scope=\"col\"  class=\"ninja_column_3 ninja_clmn_nm_diariasmes \">M\u00eas<\/th><th scope=\"col\"  class=\"ninja_column_4 ninja_clmn_nm_download \">Download<\/th><\/tr>\n<\/thead>\n<tbody>\n\n        <tr data-row_id=\"0\" class=\"ninja_table_row_0 nt_row_id_0\">\n            <td>Gastos com Di\u00e1rias - Setembro 2021<\/td><td>05\/10\/2021<\/td><td>2021<\/td><td>Setembro<\/td><td><a target=\"_blank\"  class=\"nt_btn nt_rounded_btn\" style=\"color: rgba(249, 246, 246, 1);background-color: rgba(18, 150, 136, 1);border-color: rgba(18, 150, 136, 1);\" rel=\"\" href=\"https:\/\/santanadomaranhao.ma.gov.br\/transparencia\/wp-content\/uploads\/2021\/10\/09-DIARIAS-SETEMBRO-2021.pdf\">Download<\/a><\/td>        <\/tr>\n            <tr data-row_id=\"1\" class=\"ninja_table_row_1 nt_row_id_1\">\n            <td>Gastos com Di\u00e1rias - Agosto 2021<\/td><td>05\/09\/2021<\/td><td>2021<\/td><td>Agosto<\/td><td><a target=\"_blank\"  class=\"nt_btn nt_rounded_btn\" style=\"color: rgba(249, 246, 246, 1);background-color: rgba(18, 150, 136, 1);border-color: rgba(18, 150, 136, 1);\" rel=\"\" href=\"https:\/\/santanadomaranhao.ma.gov.br\/transparencia\/wp-content\/uploads\/2021\/09\/08-DIARIAS-AGOSTO-2021.pdf\">Download<\/a><\/td>        <\/tr>\n            <tr data-row_id=\"2\" class=\"ninja_table_row_2 nt_row_id_2\">\n            <td>Gastos com Di\u00e1rias - Julho 2021<\/td><td>05\/08\/2021<\/td><td>2021<\/td><td>Julho<\/td><td><a target=\"_blank\"  class=\"nt_btn nt_rounded_btn\" style=\"color: rgba(249, 246, 246, 1);background-color: rgba(18, 150, 136, 1);border-color: rgba(18, 150, 136, 1);\" rel=\"\" href=\"https:\/\/santanadomaranhao.ma.gov.br\/transparencia\/wp-content\/uploads\/2021\/08\/07-DIARIAS-JULHO-2021.pdf\">Download<\/a><\/td>        <\/tr>\n            <tr data-row_id=\"3\" class=\"ninja_table_row_3 nt_row_id_3\">\n            <td>Gastos com Di\u00e1rias - Junho 2021<\/td><td>05\/07\/2021<\/td><td>2021<\/td><td>Junho<\/td><td><a target=\"_blank\"  class=\"nt_btn nt_rounded_btn\" style=\"color: rgba(249, 246, 246, 1);background-color: rgba(18, 150, 136, 1);border-color: rgba(18, 150, 136, 1);\" rel=\"\" href=\"https:\/\/santanadomaranhao.ma.gov.br\/transparencia\/wp-content\/uploads\/2021\/07\/06-DIARIAS-JUNHO-2021.pdf\">Download<\/a><\/td>        <\/tr>\n            <tr data-row_id=\"4\" class=\"ninja_table_row_4 nt_row_id_4\">\n            <td>Gastos com Di\u00e1rias - Maio 2021<\/td><td>05\/06\/2021<\/td><td>2021<\/td><td>Maio<\/td><td><a target=\"_blank\"  class=\"nt_btn nt_rounded_btn\" style=\"color: rgba(249, 246, 246, 1);background-color: rgba(18, 150, 136, 1);border-color: rgba(18, 150, 136, 1);\" rel=\"\" href=\"https:\/\/santanadomaranhao.ma.gov.br\/transparencia\/wp-content\/uploads\/2021\/06\/05-DIARIAS-MAIO-2021.pdf\">Download<\/a><\/td>        <\/tr>\n            <tr data-row_id=\"5\" class=\"ninja_table_row_5 nt_row_id_5\">\n            <td>Gastos com Di\u00e1rias - Abril 2021<\/td><td>05\/05\/2021<\/td><td>2021<\/td><td>Abril<\/td><td><a target=\"_blank\"  class=\"nt_btn nt_rounded_btn\" style=\"color: rgba(249, 246, 246, 1);background-color: rgba(18, 150, 136, 1);border-color: rgba(18, 150, 136, 1);\" rel=\"\" href=\"https:\/\/santanadomaranhao.ma.gov.br\/transparencia\/wp-content\/uploads\/2021\/05\/04-DIARIAS-ABRIL-2021.pdf\">Download<\/a><\/td>        <\/tr>\n            <tr data-row_id=\"6\" class=\"ninja_table_row_6 nt_row_id_6\">\n            <td>Gastos com Di\u00e1rias - Mar\u00e7o 2021<\/td><td>05\/04\/2021<\/td><td>2021<\/td><td>Abril<\/td><td><a target=\"_blank\"  class=\"nt_btn nt_rounded_btn\" style=\"color: rgba(249, 246, 246, 1);background-color: rgba(18, 150, 136, 1);border-color: rgba(18, 150, 136, 1);\" rel=\"\" href=\"https:\/\/santanadomaranhao.ma.gov.br\/transparencia\/wp-content\/uploads\/2021\/04\/03-DIARIAS-MARCO-2021.pdf\">Download<\/a><\/td>        <\/tr>\n            <tr data-row_id=\"7\" class=\"ninja_table_row_7 nt_row_id_7\">\n            <td>Gastos com Di\u00e1rias - Fevereiro 2021<\/td><td>05\/03\/2021<\/td><td>2021<\/td><td>Fevereiro<\/td><td><a target=\"_blank\"  class=\"nt_btn nt_rounded_btn\" style=\"color: rgba(249, 246, 246, 1);background-color: rgba(18, 150, 136, 1);border-color: rgba(18, 150, 136, 1);\" rel=\"\" href=\"https:\/\/santanadomaranhao.ma.gov.br\/transparencia\/wp-content\/uploads\/2021\/03\/02-DIARIAS-FEVEREIRO-2021.pdf\">Download<\/a><\/td>        <\/tr>\n            <tr data-row_id=\"8\" class=\"ninja_table_row_8 nt_row_id_8\">\n            <td>Gastos com Di\u00e1rias - Janeiro 2021<\/td><td>05\/02\/2021<\/td><td>2021<\/td><td>Janeiro<\/td><td><a target=\"_blank\"  class=\"nt_btn nt_rounded_btn\" style=\"color: rgba(249, 246, 246, 1);background-color: rgba(18, 150, 136, 1);border-color: rgba(18, 150, 136, 1);\" rel=\"\" href=\"https:\/\/santanadomaranhao.ma.gov.br\/transparencia\/wp-content\/uploads\/2021\/02\/01-DIARIAS-JANEIRO-2021.pdf\">Download<\/a><\/td>        <\/tr>\n    <\/tbody><!--ninja_tobody_rendering_done-->\n    <\/table>\n    \n    \n    \n<\/div>\n<\/p>\n","protected":false},"excerpt":{"rendered":"<p>Acesse os Gastos Mensais com Di\u00e1rias do Munic\u00edpio<\/p>\n","protected":false},"author":1,"featured_media":20398,"parent":0,"menu_order":0,"comment_status":"closed","ping_status":"closed","template":"","meta":{"_acf_changed":false,"footnotes":""},"categories":[1],"tags":[],"class_list":["post-20378","page","type-page","status-publish","has-post-thumbnail","hentry","category-exibir-front"],"acf":{"nome":"Gastos Mensais com Di\u00e1rias","link":"https:\/\/santanadomaranhao.ma.gov.br\/transparencia\/gastos-mensais-com-diarias\/","icone":"fas fa-file"},"_links":{"self":[{"href":"https:\/\/santanadomaranhao.ma.gov.br\/transparencia\/wp-json\/wp\/v2\/pages\/20378","targetHints":{"allow":["GET"]}}],"collection":[{"href":"https:\/\/santanadomaranhao.ma.gov.br\/transparencia\/wp-json\/wp\/v2\/pages"}],"about":[{"href":"https:\/\/santanadomaranhao.ma.gov.br\/transparencia\/wp-json\/wp\/v2\/types\/page"}],"author":[{"embeddable":true,"href":"https:\/\/santanadomaranhao.ma.gov.br\/transparencia\/wp-json\/wp\/v2\/users\/1"}],"replies":[{"embeddable":true,"href":"https:\/\/santanadomaranhao.ma.gov.br\/transparencia\/wp-json\/wp\/v2\/comments?post=20378"}],"version-history":[{"count":7,"href":"https:\/\/santanadomaranhao.ma.gov.br\/transparencia\/wp-json\/wp\/v2\/pages\/20378\/revisions"}],"predecessor-version":[{"id":45334,"href":"https:\/\/santanadomaranhao.ma.gov.br\/transparencia\/wp-json\/wp\/v2\/pages\/20378\/revisions\/45334"}],"wp:featuredmedia":[{"embeddable":true,"href":"https:\/\/santanadomaranhao.ma.gov.br\/transparencia\/wp-json\/wp\/v2\/media\/20398"}],"wp:attachment":[{"href":"https:\/\/santanadomaranhao.ma.gov.br\/transparencia\/wp-json\/wp\/v2\/media?parent=20378"}],"wp:term":[{"taxonomy":"category","embeddable":true,"href":"https:\/\/santanadomaranhao.ma.gov.br\/transparencia\/wp-json\/wp\/v2\/categories?post=20378"},{"taxonomy":"post_tag","embeddable":true,"href":"https:\/\/santanadomaranhao.ma.gov.br\/transparencia\/wp-json\/wp\/v2\/tags?post=20378"}],"curies":[{"name":"wp","href":"https:\/\/api.w.org\/{rel}","templated":true}]}}