{"id":39254,"date":"2020-08-23T13:23:07","date_gmt":"2020-08-23T16:23:07","guid":{"rendered":"https:\/\/santanadomaranhao.ma.gov.br\/transparencia\/?page_id=39254"},"modified":"2023-08-23T13:24:43","modified_gmt":"2023-08-23T16:24:43","slug":"comissoes-e-membros-de-licitacoes","status":"publish","type":"page","link":"https:\/\/santanadomaranhao.ma.gov.br\/transparencia\/comissoes-e-membros-de-licitacoes\/","title":{"rendered":"Comiss\u00f5es e Membros de Licita\u00e7\u00f5es"},"content":{"rendered":"<p>Acesse as informa\u00e7\u00f5es sobre Comiss\u00f5es e Membros de Licita\u00e7\u00e3o da Prefeitura Municipal<\/p>\n","protected":false},"excerpt":{"rendered":"<p>Acesse as informa\u00e7\u00f5es sobre Comiss\u00f5es e Membros de Licita\u00e7\u00e3o da Prefeitura Municipal<\/p>\n","protected":false},"author":1,"featured_media":0,"parent":0,"menu_order":0,"comment_status":"closed","ping_status":"closed","template":"comissoes.php","meta":{"_acf_changed":false,"footnotes":""},"categories":[1],"tags":[],"class_list":["post-39254","page","type-page","status-publish","hentry","category-exibir-front"],"acf":{"nome":"Comiss\u00f5es e Membros","link":"https:\/\/santanadomaranhao.ma.gov.br\/transparencia\/comissoes-e-membros-de-licitacoes\/","icone":"fa-users"},"_links":{"self":[{"href":"https:\/\/santanadomaranhao.ma.gov.br\/transparencia\/wp-json\/wp\/v2\/pages\/39254","targetHints":{"allow":["GET"]}}],"collection":[{"href":"https:\/\/santanadomaranhao.ma.gov.br\/transparencia\/wp-json\/wp\/v2\/pages"}],"about":[{"href":"https:\/\/santanadomaranhao.ma.gov.br\/transparencia\/wp-json\/wp\/v2\/types\/page"}],"author":[{"embeddable":true,"href":"https:\/\/santanadomaranhao.ma.gov.br\/transparencia\/wp-json\/wp\/v2\/users\/1"}],"replies":[{"embeddable":true,"href":"https:\/\/santanadomaranhao.ma.gov.br\/transparencia\/wp-json\/wp\/v2\/comments?post=39254"}],"version-history":[{"count":4,"href":"https:\/\/santanadomaranhao.ma.gov.br\/transparencia\/wp-json\/wp\/v2\/pages\/39254\/revisions"}],"predecessor-version":[{"id":39259,"href":"https:\/\/santanadomaranhao.ma.gov.br\/transparencia\/wp-json\/wp\/v2\/pages\/39254\/revisions\/39259"}],"wp:attachment":[{"href":"https:\/\/santanadomaranhao.ma.gov.br\/transparencia\/wp-json\/wp\/v2\/media?parent=39254"}],"wp:term":[{"taxonomy":"category","embeddable":true,"href":"https:\/\/santanadomaranhao.ma.gov.br\/transparencia\/wp-json\/wp\/v2\/categories?post=39254"},{"taxonomy":"post_tag","embeddable":true,"href":"https:\/\/santanadomaranhao.ma.gov.br\/transparencia\/wp-json\/wp\/v2\/tags?post=39254"}],"curies":[{"name":"wp","href":"https:\/\/api.w.org\/{rel}","templated":true}]}}