{"id":45224,"date":"2020-05-14T11:00:42","date_gmt":"2020-05-14T14:00:42","guid":{"rendered":"https:\/\/santanadomaranhao.ma.gov.br\/transparencia\/?page_id=45224"},"modified":"2024-05-15T08:03:57","modified_gmt":"2024-05-15T11:03:57","slug":"plano-de-contratacoes-anual","status":"publish","type":"page","link":"https:\/\/santanadomaranhao.ma.gov.br\/transparencia\/plano-de-contratacoes-anual\/","title":{"rendered":"Plano de Contrata\u00e7\u00f5es Anual"},"content":{"rendered":"<p>Acesse o Plano de Contrata\u00e7\u00f5es Anual da Prefeitura Municipal<br \/>\n<div id=\"footable_parent_45223\"\n         class=\" footable_parent ninja_table_wrapper loading_ninja_table wp_table_data_press_parent semantic_ui \">\n                <table data-ninja_table_instance=\"ninja_table_instance_0\" data-footable_id=\"45223\" data-filter-delay=\"1000\" aria-label=\"Plano Anual de Contrata\u00e7\u00f5es\"            id=\"footable_45223\"\n           data-unique_identifier=\"ninja_table_unique_id_2686144552_45223\"\n           class=\" foo-table ninja_footable foo_table_45223 ninja_table_unique_id_2686144552_45223 ui table  nt_type_legacy_table selectable striped vertical_centered  footable-paging-right ninja_table_pro ninja_table_afd_inline ninja_table_has_custom_filter\">\n                <colgroup>\n                            <col class=\"ninja_column_0 \">\n                            <col class=\"ninja_column_1 \">\n                            <col class=\"ninja_column_2 \">\n                            <col class=\"ninja_column_3 \">\n                    <\/colgroup>\n        <thead>\n<tr class=\"footable-header\">\n                                                                        <th scope=\"col\"  class=\"ninja_column_0 ninja_clmn_nm_posttitle \">Descri\u00e7\u00e3o<\/th><th scope=\"col\"  class=\"ninja_column_1 ninja_clmn_nm_postdate \">Publicado em<\/th><th scope=\"col\"  class=\"ninja_column_2 ninja_clmn_nm_planodecontratacoesano \">Ano<\/th><th scope=\"col\"  class=\"ninja_column_3 ninja_clmn_nm_download \">Download<\/th><\/tr>\n<\/thead>\n<tbody>\n\n<\/tbody><!--ninja_tobody_rendering_done-->\n    <\/table>\n    \n    \n    \n<\/div>\n<\/p>\n","protected":false},"excerpt":{"rendered":"<p>Acesse o Plano de Contrata\u00e7\u00f5es Anual da Prefeitura Municipal<\/p>\n","protected":false},"author":1,"featured_media":0,"parent":0,"menu_order":0,"comment_status":"closed","ping_status":"closed","template":"","meta":{"_acf_changed":false,"footnotes":""},"categories":[1],"tags":[],"class_list":["post-45224","page","type-page","status-publish","hentry","category-exibir-front"],"acf":{"nome":"Plano Anual de Contrata\u00e7\u00f5es","link":"https:\/\/santanadomaranhao.ma.gov.br\/transparencia\/plano-de-contratacoes-anual\/","icone":"fa-solid fa-file"},"_links":{"self":[{"href":"https:\/\/santanadomaranhao.ma.gov.br\/transparencia\/wp-json\/wp\/v2\/pages\/45224","targetHints":{"allow":["GET"]}}],"collection":[{"href":"https:\/\/santanadomaranhao.ma.gov.br\/transparencia\/wp-json\/wp\/v2\/pages"}],"about":[{"href":"https:\/\/santanadomaranhao.ma.gov.br\/transparencia\/wp-json\/wp\/v2\/types\/page"}],"author":[{"embeddable":true,"href":"https:\/\/santanadomaranhao.ma.gov.br\/transparencia\/wp-json\/wp\/v2\/users\/1"}],"replies":[{"embeddable":true,"href":"https:\/\/santanadomaranhao.ma.gov.br\/transparencia\/wp-json\/wp\/v2\/comments?post=45224"}],"version-history":[{"count":5,"href":"https:\/\/santanadomaranhao.ma.gov.br\/transparencia\/wp-json\/wp\/v2\/pages\/45224\/revisions"}],"predecessor-version":[{"id":45324,"href":"https:\/\/santanadomaranhao.ma.gov.br\/transparencia\/wp-json\/wp\/v2\/pages\/45224\/revisions\/45324"}],"wp:attachment":[{"href":"https:\/\/santanadomaranhao.ma.gov.br\/transparencia\/wp-json\/wp\/v2\/media?parent=45224"}],"wp:term":[{"taxonomy":"category","embeddable":true,"href":"https:\/\/santanadomaranhao.ma.gov.br\/transparencia\/wp-json\/wp\/v2\/categories?post=45224"},{"taxonomy":"post_tag","embeddable":true,"href":"https:\/\/santanadomaranhao.ma.gov.br\/transparencia\/wp-json\/wp\/v2\/tags?post=45224"}],"curies":[{"name":"wp","href":"https:\/\/api.w.org\/{rel}","templated":true}]}}