{"id":45262,"date":"2020-05-14T16:14:41","date_gmt":"2020-05-14T19:14:41","guid":{"rendered":"https:\/\/santanadomaranhao.ma.gov.br\/transparencia\/?page_id=45262"},"modified":"2024-05-14T16:15:46","modified_gmt":"2024-05-14T19:15:46","slug":"educacao","status":"publish","type":"page","link":"https:\/\/santanadomaranhao.ma.gov.br\/transparencia\/educacao\/","title":{"rendered":"Educa\u00e7\u00e3o"},"content":{"rendered":"<p>Acesse as informa\u00e7\u00f5es como Planos Anuais de Educa\u00e7\u00e3o e Relat\u00f3rios<br \/>\n<div id=\"footable_parent_45261\"\n         class=\" footable_parent ninja_table_wrapper loading_ninja_table wp_table_data_press_parent semantic_ui \">\n                <table data-ninja_table_instance=\"ninja_table_instance_0\" data-footable_id=\"45261\" data-filter-delay=\"1000\" aria-label=\"Educa\u00e7\u00e3o\"            id=\"footable_45261\"\n           data-unique_identifier=\"ninja_table_unique_id_4111556899_45261\"\n           class=\" foo-table ninja_footable foo_table_45261 ninja_table_unique_id_4111556899_45261 ui table  nt_type_legacy_table selectable striped vertical_centered  footable-paging-right ninja_table_pro ninja_table_afd_inline ninja_table_has_custom_filter\">\n                <colgroup>\n                            <col class=\"ninja_column_0 \">\n                            <col class=\"ninja_column_1 \">\n                            <col class=\"ninja_column_2 \">\n                            <col class=\"ninja_column_3 \">\n                            <col class=\"ninja_column_4 \">\n                    <\/colgroup>\n        <thead>\n<tr class=\"footable-header\">\n                                                                                        <th scope=\"col\"  class=\"ninja_column_0 ninja_clmn_nm_posttitle \">Descri\u00e7\u00e3o<\/th><th scope=\"col\"  class=\"ninja_column_1 ninja_clmn_nm_postdate \">Publicado em<\/th><th scope=\"col\"  class=\"ninja_column_2 ninja_clmn_nm_educacaoano \">Ano<\/th><th scope=\"col\"  class=\"ninja_column_3 ninja_clmn_nm_educacaotipoeducacao \">Tipo<\/th><th scope=\"col\"  class=\"ninja_column_4 ninja_clmn_nm_download \">Download<\/th><\/tr>\n<\/thead>\n<tbody>\n\n        <tr data-row_id=\"0\" class=\"ninja_table_row_0 nt_row_id_0\">\n            <td>PLANO DE EDUCA\u00c7\u00c3O 2022-20255<\/td><td>27\/03\/2025<\/td><td><\/td><td><\/td><td><a target=\"_blank\"  class=\"nt_btn nt_rounded_btn\" style=\"color: rgba(249, 246, 246, 1);background-color: rgba(18, 150, 136, 1);border-color: rgba(18, 150, 136, 1);\" rel=\"\" href=\"https:\/\/santanadomaranhao.ma.gov.br\/transparencia\/wp-content\/uploads\/2025\/03\/PLANO-MUNICIPAL-DE-EDUCACAO.pdf\">Download<\/a><\/td>        <\/tr>\n    <\/tbody><!--ninja_tobody_rendering_done-->\n    <\/table>\n    \n    \n    \n<\/div>\n<\/p>\n","protected":false},"excerpt":{"rendered":"<p>Acesse as informa\u00e7\u00f5es como Planos Anuais de Educa\u00e7\u00e3o e Relat\u00f3rios<\/p>\n","protected":false},"author":1,"featured_media":0,"parent":0,"menu_order":0,"comment_status":"closed","ping_status":"closed","template":"","meta":{"_acf_changed":false,"footnotes":""},"categories":[1],"tags":[],"class_list":["post-45262","page","type-page","status-publish","hentry","category-exibir-front"],"acf":{"nome":"Educa\u00e7\u00e3o","link":"https:\/\/santanadomaranhao.ma.gov.br\/transparencia\/educacao\/","icone":"fa-solid fa-file"},"_links":{"self":[{"href":"https:\/\/santanadomaranhao.ma.gov.br\/transparencia\/wp-json\/wp\/v2\/pages\/45262","targetHints":{"allow":["GET"]}}],"collection":[{"href":"https:\/\/santanadomaranhao.ma.gov.br\/transparencia\/wp-json\/wp\/v2\/pages"}],"about":[{"href":"https:\/\/santanadomaranhao.ma.gov.br\/transparencia\/wp-json\/wp\/v2\/types\/page"}],"author":[{"embeddable":true,"href":"https:\/\/santanadomaranhao.ma.gov.br\/transparencia\/wp-json\/wp\/v2\/users\/1"}],"replies":[{"embeddable":true,"href":"https:\/\/santanadomaranhao.ma.gov.br\/transparencia\/wp-json\/wp\/v2\/comments?post=45262"}],"version-history":[{"count":2,"href":"https:\/\/santanadomaranhao.ma.gov.br\/transparencia\/wp-json\/wp\/v2\/pages\/45262\/revisions"}],"predecessor-version":[{"id":45265,"href":"https:\/\/santanadomaranhao.ma.gov.br\/transparencia\/wp-json\/wp\/v2\/pages\/45262\/revisions\/45265"}],"wp:attachment":[{"href":"https:\/\/santanadomaranhao.ma.gov.br\/transparencia\/wp-json\/wp\/v2\/media?parent=45262"}],"wp:term":[{"taxonomy":"category","embeddable":true,"href":"https:\/\/santanadomaranhao.ma.gov.br\/transparencia\/wp-json\/wp\/v2\/categories?post=45262"},{"taxonomy":"post_tag","embeddable":true,"href":"https:\/\/santanadomaranhao.ma.gov.br\/transparencia\/wp-json\/wp\/v2\/tags?post=45262"}],"curies":[{"name":"wp","href":"https:\/\/api.w.org\/{rel}","templated":true}]}}