{"id":45278,"date":"2020-05-14T16:28:44","date_gmt":"2020-05-14T19:28:44","guid":{"rendered":"https:\/\/santanadomaranhao.ma.gov.br\/transparencia\/?page_id=45278"},"modified":"2024-05-14T16:30:15","modified_gmt":"2024-05-14T19:30:15","slug":"emendas-parlamentares","status":"publish","type":"page","link":"https:\/\/santanadomaranhao.ma.gov.br\/transparencia\/emendas-parlamentares\/","title":{"rendered":"Emendas Parlamentares"},"content":{"rendered":"<p>Acesse as informa\u00e7\u00f5es sobre as Emendas Parlamentares ao Munic\u00edpio<br \/>\n<div id=\"footable_parent_45277\"\n         class=\" footable_parent ninja_table_wrapper loading_ninja_table wp_table_data_press_parent semantic_ui \">\n                <table data-ninja_table_instance=\"ninja_table_instance_0\" data-footable_id=\"45277\" data-filter-delay=\"1000\" aria-label=\"Emendas Parlamentares\"            id=\"footable_45277\"\n           data-unique_identifier=\"ninja_table_unique_id_3143338909_45277\"\n           class=\" foo-table ninja_footable foo_table_45277 ninja_table_unique_id_3143338909_45277 ui table  nt_type_legacy_table selectable striped vertical_centered  footable-paging-right ninja_table_pro ninja_table_afd_inline ninja_table_has_custom_filter\">\n                <colgroup>\n                            <col class=\"ninja_column_0 \">\n                            <col class=\"ninja_column_1 \">\n                            <col class=\"ninja_column_2 \">\n                            <col class=\"ninja_column_3 \">\n                    <\/colgroup>\n        <thead>\n<tr class=\"footable-header\">\n                                                                        <th scope=\"col\"  class=\"ninja_column_0 ninja_clmn_nm_posttitle \">Descri\u00e7\u00e3o<\/th><th scope=\"col\"  class=\"ninja_column_1 ninja_clmn_nm_postdate \">Publicado em<\/th><th scope=\"col\"  class=\"ninja_column_2 ninja_clmn_nm_emendasparlamentaresano \">Ano<\/th><th scope=\"col\"  class=\"ninja_column_3 ninja_clmn_nm_download \">Download<\/th><\/tr>\n<\/thead>\n<tbody>\n\n<\/tbody><!--ninja_tobody_rendering_done-->\n    <\/table>\n    \n    \n    \n<\/div>\n<\/p>\n","protected":false},"excerpt":{"rendered":"<p>Acesse as informa\u00e7\u00f5es sobre as Emendas Parlamentares ao Munic\u00edpio<\/p>\n","protected":false},"author":1,"featured_media":0,"parent":0,"menu_order":0,"comment_status":"closed","ping_status":"closed","template":"","meta":{"_acf_changed":false,"footnotes":""},"categories":[1],"tags":[],"class_list":["post-45278","page","type-page","status-publish","hentry","category-exibir-front"],"acf":{"nome":"Emendas Parlamentares","link":"https:\/\/santanadomaranhao.ma.gov.br\/transparencia\/emendas-parlamentares\/","icone":"fa-solid fa-file"},"_links":{"self":[{"href":"https:\/\/santanadomaranhao.ma.gov.br\/transparencia\/wp-json\/wp\/v2\/pages\/45278","targetHints":{"allow":["GET"]}}],"collection":[{"href":"https:\/\/santanadomaranhao.ma.gov.br\/transparencia\/wp-json\/wp\/v2\/pages"}],"about":[{"href":"https:\/\/santanadomaranhao.ma.gov.br\/transparencia\/wp-json\/wp\/v2\/types\/page"}],"author":[{"embeddable":true,"href":"https:\/\/santanadomaranhao.ma.gov.br\/transparencia\/wp-json\/wp\/v2\/users\/1"}],"replies":[{"embeddable":true,"href":"https:\/\/santanadomaranhao.ma.gov.br\/transparencia\/wp-json\/wp\/v2\/comments?post=45278"}],"version-history":[{"count":2,"href":"https:\/\/santanadomaranhao.ma.gov.br\/transparencia\/wp-json\/wp\/v2\/pages\/45278\/revisions"}],"predecessor-version":[{"id":45281,"href":"https:\/\/santanadomaranhao.ma.gov.br\/transparencia\/wp-json\/wp\/v2\/pages\/45278\/revisions\/45281"}],"wp:attachment":[{"href":"https:\/\/santanadomaranhao.ma.gov.br\/transparencia\/wp-json\/wp\/v2\/media?parent=45278"}],"wp:term":[{"taxonomy":"category","embeddable":true,"href":"https:\/\/santanadomaranhao.ma.gov.br\/transparencia\/wp-json\/wp\/v2\/categories?post=45278"},{"taxonomy":"post_tag","embeddable":true,"href":"https:\/\/santanadomaranhao.ma.gov.br\/transparencia\/wp-json\/wp\/v2\/tags?post=45278"}],"curies":[{"name":"wp","href":"https:\/\/api.w.org\/{rel}","templated":true}]}}