{"id":45330,"date":"2020-05-15T08:13:25","date_gmt":"2020-05-15T11:13:25","guid":{"rendered":"https:\/\/santanadomaranhao.ma.gov.br\/transparencia\/?page_id=45330"},"modified":"2024-05-15T08:14:03","modified_gmt":"2024-05-15T11:14:03","slug":"planejamento-estrategico","status":"publish","type":"page","link":"https:\/\/santanadomaranhao.ma.gov.br\/transparencia\/planejamento-estrategico\/","title":{"rendered":"Planejamento Estrat\u00e9gico"},"content":{"rendered":"<p>Acesse o Planejamento Estrat\u00e9gico da Gest\u00e3o Municipal<br \/>\n<div id=\"footable_parent_45329\"\n         class=\" footable_parent ninja_table_wrapper loading_ninja_table wp_table_data_press_parent semantic_ui \">\n                <table data-ninja_table_instance=\"ninja_table_instance_0\" data-footable_id=\"45329\" data-filter-delay=\"1000\" aria-label=\"Planejamento Estrat\u00e9gico\"            id=\"footable_45329\"\n           data-unique_identifier=\"ninja_table_unique_id_481545803_45329\"\n           class=\" foo-table ninja_footable foo_table_45329 ninja_table_unique_id_481545803_45329 ui table  nt_type_legacy_table selectable striped vertical_centered  footable-paging-right ninja_table_pro ninja_table_afd_inline ninja_table_has_custom_filter\">\n                <colgroup>\n                            <col class=\"ninja_column_0 \">\n                            <col class=\"ninja_column_1 \">\n                            <col class=\"ninja_column_2 \">\n                            <col class=\"ninja_column_3 \">\n                    <\/colgroup>\n        <thead>\n<tr class=\"footable-header\">\n                                                                        <th scope=\"col\"  class=\"ninja_column_0 ninja_clmn_nm_posttitle \">Descri\u00e7\u00e3o<\/th><th scope=\"col\"  class=\"ninja_column_1 ninja_clmn_nm_postdate \">Publicado em<\/th><th scope=\"col\"  class=\"ninja_column_2 ninja_clmn_nm_planejamentoestrateano \">Ano<\/th><th scope=\"col\"  class=\"ninja_column_3 ninja_clmn_nm_download \">Download<\/th><\/tr>\n<\/thead>\n<tbody>\n\n<\/tbody><!--ninja_tobody_rendering_done-->\n    <\/table>\n    \n    \n    \n<\/div>\n<\/p>\n","protected":false},"excerpt":{"rendered":"<p>Acesse o Planejamento Estrat\u00e9gico da Gest\u00e3o Municipal<\/p>\n","protected":false},"author":1,"featured_media":0,"parent":0,"menu_order":0,"comment_status":"closed","ping_status":"closed","template":"","meta":{"_acf_changed":false,"footnotes":""},"categories":[1],"tags":[],"class_list":["post-45330","page","type-page","status-publish","hentry","category-exibir-front"],"acf":{"nome":"Planejamento Estrat\u00e9gico","link":"https:\/\/santanadomaranhao.ma.gov.br\/transparencia\/planejamento-estrategico\/","icone":"fa-solid fa-file"},"_links":{"self":[{"href":"https:\/\/santanadomaranhao.ma.gov.br\/transparencia\/wp-json\/wp\/v2\/pages\/45330","targetHints":{"allow":["GET"]}}],"collection":[{"href":"https:\/\/santanadomaranhao.ma.gov.br\/transparencia\/wp-json\/wp\/v2\/pages"}],"about":[{"href":"https:\/\/santanadomaranhao.ma.gov.br\/transparencia\/wp-json\/wp\/v2\/types\/page"}],"author":[{"embeddable":true,"href":"https:\/\/santanadomaranhao.ma.gov.br\/transparencia\/wp-json\/wp\/v2\/users\/1"}],"replies":[{"embeddable":true,"href":"https:\/\/santanadomaranhao.ma.gov.br\/transparencia\/wp-json\/wp\/v2\/comments?post=45330"}],"version-history":[{"count":1,"href":"https:\/\/santanadomaranhao.ma.gov.br\/transparencia\/wp-json\/wp\/v2\/pages\/45330\/revisions"}],"predecessor-version":[{"id":45332,"href":"https:\/\/santanadomaranhao.ma.gov.br\/transparencia\/wp-json\/wp\/v2\/pages\/45330\/revisions\/45332"}],"wp:attachment":[{"href":"https:\/\/santanadomaranhao.ma.gov.br\/transparencia\/wp-json\/wp\/v2\/media?parent=45330"}],"wp:term":[{"taxonomy":"category","embeddable":true,"href":"https:\/\/santanadomaranhao.ma.gov.br\/transparencia\/wp-json\/wp\/v2\/categories?post=45330"},{"taxonomy":"post_tag","embeddable":true,"href":"https:\/\/santanadomaranhao.ma.gov.br\/transparencia\/wp-json\/wp\/v2\/tags?post=45330"}],"curies":[{"name":"wp","href":"https:\/\/api.w.org\/{rel}","templated":true}]}}