{"id":7136,"date":"2021-01-25T17:05:49","date_gmt":"2021-01-25T20:05:49","guid":{"rendered":"https:\/\/santanadomaranhao.ma.gov.br\/transparencia\/?page_id=7136"},"modified":"2021-06-15T18:09:42","modified_gmt":"2021-06-15T21:09:42","slug":"execucao-orcamentaria","status":"publish","type":"page","link":"https:\/\/santanadomaranhao.ma.gov.br\/transparencia\/execucao-orcamentaria\/","title":{"rendered":"Execu\u00e7\u00e3o Or\u00e7ament\u00e1ria"},"content":{"rendered":"","protected":false},"excerpt":{"rendered":"","protected":false},"author":1,"featured_media":0,"parent":0,"menu_order":0,"comment_status":"closed","ping_status":"closed","template":"execucaoorcamentaria.php","meta":{"_acf_changed":false,"footnotes":""},"categories":[1],"tags":[],"class_list":["post-7136","page","type-page","status-publish","hentry","category-exibir-front"],"acf":{"nome":"Execu\u00e7\u00e3o Or\u00e7ament\u00e1ria","link":"http:\/\/143.137.254.24:5656\/SCPIWEB_PMDESANTANA\/","icone":"fa-chart-bar"},"_links":{"self":[{"href":"https:\/\/santanadomaranhao.ma.gov.br\/transparencia\/wp-json\/wp\/v2\/pages\/7136","targetHints":{"allow":["GET"]}}],"collection":[{"href":"https:\/\/santanadomaranhao.ma.gov.br\/transparencia\/wp-json\/wp\/v2\/pages"}],"about":[{"href":"https:\/\/santanadomaranhao.ma.gov.br\/transparencia\/wp-json\/wp\/v2\/types\/page"}],"author":[{"embeddable":true,"href":"https:\/\/santanadomaranhao.ma.gov.br\/transparencia\/wp-json\/wp\/v2\/users\/1"}],"replies":[{"embeddable":true,"href":"https:\/\/santanadomaranhao.ma.gov.br\/transparencia\/wp-json\/wp\/v2\/comments?post=7136"}],"version-history":[{"count":7,"href":"https:\/\/santanadomaranhao.ma.gov.br\/transparencia\/wp-json\/wp\/v2\/pages\/7136\/revisions"}],"predecessor-version":[{"id":15785,"href":"https:\/\/santanadomaranhao.ma.gov.br\/transparencia\/wp-json\/wp\/v2\/pages\/7136\/revisions\/15785"}],"wp:attachment":[{"href":"https:\/\/santanadomaranhao.ma.gov.br\/transparencia\/wp-json\/wp\/v2\/media?parent=7136"}],"wp:term":[{"taxonomy":"category","embeddable":true,"href":"https:\/\/santanadomaranhao.ma.gov.br\/transparencia\/wp-json\/wp\/v2\/categories?post=7136"},{"taxonomy":"post_tag","embeddable":true,"href":"https:\/\/santanadomaranhao.ma.gov.br\/transparencia\/wp-json\/wp\/v2\/tags?post=7136"}],"curies":[{"name":"wp","href":"https:\/\/api.w.org\/{rel}","templated":true}]}}